{"id":941,"date":"2024-04-05T17:38:49","date_gmt":"2024-04-05T10:38:49","guid":{"rendered":"https:\/\/tarot-vietnam.com\/?post_type=product&#038;p=941"},"modified":"2025-06-17T11:26:46","modified_gmt":"2025-06-17T04:26:46","slug":"tarot-card-game","status":"publish","type":"product","link":"https:\/\/tarot-vietnam.com\/vi\/shop\/tarot-card-game\/","title":{"rendered":"Tr\u00f2 ch\u01a1i b\u00e0i Tarot"},"content":{"rendered":"<p>\u0110\u1eafm ch\u00ecm trong th\u1ebf gi\u1edbi m\u00ea ho\u1eb7c c\u1ee7a ngh\u1ec7 thu\u1eadt Vi\u1ec7t Nam v\u1edbi Tr\u00f2 ch\u01a1i B\u00e0i Tarot c\u1ee7a ch\u00fang t\u00f4i, v\u1edbi nh\u1eefng h\u00ecnh minh h\u1ecda tuy\u1ec7t \u0111\u1eb9p l\u1ea5y c\u1ea3m h\u1ee9ng t\u1eeb v\u0103n h\u00f3a v\u00e0 truy\u1ec1n th\u1ed1ng Vi\u1ec7t Nam! Thi\u1ebft k\u1ebf d\u00e0nh cho c\u1ea3 ng\u01b0\u1eddi ch\u01a1i b\u00e0i kinh nghi\u1ec7m v\u00e0 nh\u1eefng ng\u01b0\u1eddi y\u00eau th\u00edch, b\u1ed9 b\u00e0i n\u00e0y mang l\u1ea1i s\u1ef1 k\u1ebft h\u1ee3p cu\u1ed1n h\u00fat gi\u1eefa tr\u00f2 ch\u01a1i chi\u1ebfn l\u01b0\u1ee3c v\u00e0 s\u1ef1 ng\u1eadp tr\u00e0n v\u0103n h\u00f3a.<\/p>\n<p><strong>Tr\u1ea3i nghi\u1ec7m nh\u1eefng truy\u1ec1n th\u1ed1ng Vi\u1ec7t Nam:<\/strong> H\u00e3y tr\u1ea3i qua h\u00e0nh tr\u00ecnh qua v\u1ebb \u0111\u1eb9p c\u1ee7a Vi\u1ec7t Nam v\u1edbi tr\u00f2 ch\u01a1i b\u00e0i Tarot c\u1ee7a ch\u00fang t\u00f4i, n\u01a1i m\u1ed7i l\u00e1 b\u00e0i \u0111\u01b0\u1ee3c ch\u1ebf t\u00e1c t\u1ec9 m\u1ec9 \u0111\u1ec3 th\u1ec3 hi\u1ec7n b\u1ee9c tranh \u0111a s\u1eafc m\u00e0u c\u1ee7a di s\u1ea3n Vi\u1ec7t Nam. T\u1eeb nh\u1eefng bi\u1ec3u t\u01b0\u1ee3ng \u0111\u1eb7c tr\u01b0ng \u0111\u1ebfn nh\u1eefng chi ti\u1ebft tinh x\u1ea3o, c\u00e1c h\u00ecnh \u1ea3nh c\u1ee7a ch\u00fang t\u00f4i ghi l\u1ea1i b\u1ea3n ch\u1ea5t c\u1ee7a truy\u1ec1n th\u1ed1ng v\u00e0 c\u1ea3nh quan Vi\u1ec7t Nam.<\/p>\n<p><strong>Kh\u00e1m ph\u00e1 ni\u1ec1m h\u1ee9ng th\u00fa t\u1eeb c\u00e1c tr\u00f2 ch\u01a1i b\u00e0i Tarot:<\/strong> T\u1eadp h\u1ee3p b\u1ea1n b\u00e8 v\u00e0 gia \u0111\u00ecnh \u0111\u1ec3 c\u00f9ng th\u01b0\u1edfng th\u1ee9c gi\u1edd ph\u00fat gi\u1ea3i tr\u00ed v\u1edbi tr\u00f2 ch\u01a1i b\u00e0i Tarot c\u1ee7a ch\u00fang t\u00f4i. D\u00f9 b\u1ea1n \u0111ang l\u1eadp k\u1ebf ho\u1ea1ch cho b\u01b0\u1edbc ti\u1ebfp theo c\u1ee7a m\u00ecnh hay \u0111\u01a1n gi\u1ea3n ch\u1ec9 th\u01b0\u1edfng th\u1ee9c nh\u1eefng t\u00e1c ph\u1ea9m ngh\u1ec7 thu\u1eadt tinh x\u1ea3o, m\u1ed7i tr\u1eadn \u0111\u1ea5u \u0111\u1ec1u l\u00e0 c\u01a1 h\u1ed9i \u0111\u1ec3 \u0111\u1eafm ch\u00ecm trong s\u1ef1 phong ph\u00fa c\u1ee7a v\u0103n h\u00f3a Vi\u1ec7t Nam trong khi vui v\u1ebb.<\/p>\n<p><strong>Ho\u00e0n h\u1ea3o cho ng\u01b0\u1eddi s\u01b0u t\u1eadp v\u00e0 ng\u01b0\u1eddi \u0111am m\u00ea tr\u00f2 ch\u01a1i:<\/strong> Th\u00eam m\u1ed9t ch\u00fat v\u1ebb \u0111\u1eb9p v\u0103n h\u00f3a v\u00e0o b\u1ed9 s\u01b0u t\u1eadp tr\u00f2 ch\u01a1i c\u1ee7a b\u1ea1n v\u1edbi tr\u00f2 ch\u01a1i b\u00e0i Tarot c\u1ee7a ch\u00fang t\u00f4i. Cho d\u00f9 b\u1ea1n l\u00e0 ng\u01b0\u1eddi s\u01b0u t\u1eadp \u0111ang t\u00ecm ki\u1ebfm nh\u1eefng th\u00eam v\u00e0o \u0111\u1ed9c \u0111\u00e1o ho\u1eb7c m\u1ed9t ng\u01b0\u1eddi \u0111am m\u00ea tr\u00f2 ch\u01a1i \u0111ang mong mu\u1ed1n nh\u1eefng th\u00e1ch th\u1ee9c m\u1edbi, b\u1ed9 b\u00e0i c\u1ee7a ch\u00fang t\u00f4i h\u1ee9a h\u1eb9n mang l\u1ea1i ni\u1ec1m vui v\u00e0 s\u1ef1 \u0111\u00e1nh gi\u00e1 v\u00f4 t\u1eadn.<\/p>\n<p><strong>Ch\u1ea5t l\u01b0\u1ee3ng cao c\u1ea5p, Ni\u1ec1m vui l\u00e2u d\u00e0i:<\/strong> \u0110\u01b0\u1ee3c ch\u1ebf t\u00e1c t\u1eeb c\u00e1c v\u1eadt li\u1ec7u cao c\u1ea5p v\u00e0 ch\u00fa \u00fd \u0111\u1ebfn t\u1eebng chi ti\u1ebft, tr\u00f2 ch\u01a1i B\u00e0i Tarot c\u1ee7a ch\u00fang t\u00f4i \u0111\u1ea3m b\u1ea3o \u0111\u1ed9 b\u1ec1n v\u00e0 s\u1ef1 l\u00e2u d\u00e0i cho v\u00f4 s\u1ed1 \u0111\u00eam ch\u01a1i game s\u1eafp t\u1edbi. M\u1ed7i l\u00e1 b\u00e0i l\u00e0 m\u1ed9t t\u00e1c ph\u1ea9m ngh\u1ec7 thu\u1eadt ri\u00eang bi\u1ec7t, m\u1eddi g\u1ecdi ng\u01b0\u1eddi ch\u01a1i \u0111\u1ec3 \u0111\u1eafm ch\u00ecm trong s\u1ee9c h\u1ea5p d\u1eabn v\u0129nh c\u1eedu c\u1ee7a ngh\u1ec7 thu\u1eadt Vi\u1ec7t Nam.<\/p>","protected":false},"excerpt":{"rendered":"<p>Kh\u00e1m ph\u00e1 v\u0103n h\u00f3a Vi\u1ec7t Nam v\u1edbi c\u00e1c h\u00ecnh minh h\u1ecda tuy\u1ec7t \u0111\u1eb9p trong Tr\u00f2 ch\u01a1i B\u00e0i Tarot c\u1ee7a ch\u00fang t\u00f4i. Ho\u00e0n h\u1ea3o cho nh\u1eefng ng\u01b0\u1eddi \u0111am m\u00ea tr\u00f2 ch\u01a1i v\u00e0 nh\u1eefng ng\u01b0\u1eddi s\u01b0u t\u1eadp. \u0110\u1eb7t h\u00e0ng ngay!<br \/>\nB\u1ed9 b\u00e0i g\u1ed3m 83 l\u00e1 b\u00e0i:<br \/>\n21 l\u00e1 b\u00e0i \u1ea9n ch\u00ednh \u0111\u01b0\u1ee3c minh h\u1ecda<br \/>\n1 l\u00e1 b\u00e0i The Fool \u0111\u01b0\u1ee3c minh h\u1ecda<br \/>\n16 l\u00e1 b\u00e0i ho\u00e0ng gia \u0111\u01b0\u1ee3c minh h\u1ecda<br \/>\n40 l\u00e1 b\u00e0i c\u01a1 b\u1ea3n<br \/>\n3 th\u1ebb ch\u1ea5m \u0111i\u1ec3m (ti\u1ebfng Anh, ti\u1ebfng Ph\u00e1p, ti\u1ebfng Vi\u1ec7t)<br \/>\n2 l\u00e1 b\u00e0i thay th\u1ebf \/ d\u1ef1 ph\u00f2ng<\/p>","protected":false},"featured_media":1591,"template":"","meta":{"_monsterinsights_skip_tracking":false,"_monsterinsights_sitenote_active":false,"_monsterinsights_sitenote_note":"","_monsterinsights_sitenote_category":0},"product_brand":[],"product_cat":[15],"product_tag":[24,23,25,26],"class_list":{"0":"post-941","1":"product","2":"type-product","3":"status-publish","4":"has-post-thumbnail","6":"product_cat-game","7":"product_tag-card-game","8":"product_tag-tarot","9":"product_tag-tarot-game","10":"product_tag-tarot-vietnam","12":"entry","13":"has-media","15":"first","16":"instock","17":"shipping-taxable","18":"purchasable","19":"product-type-simple","20":"has-product-nav","21":"col","22":"span_1_of_1","23":"owp-content-left","24":"owp-thumbs-layout-horizontal","25":"owp-btn-big","26":"owp-tabs-layout-horizontal"},"aioseo_notices":[],"jetpack_sharing_enabled":true,"_links":{"self":[{"href":"https:\/\/tarot-vietnam.com\/vi\/wp-json\/wp\/v2\/product\/941","targetHints":{"allow":["GET"]}}],"collection":[{"href":"https:\/\/tarot-vietnam.com\/vi\/wp-json\/wp\/v2\/product"}],"about":[{"href":"https:\/\/tarot-vietnam.com\/vi\/wp-json\/wp\/v2\/types\/product"}],"wp:featuredmedia":[{"embeddable":true,"href":"https:\/\/tarot-vietnam.com\/vi\/wp-json\/wp\/v2\/media\/1591"}],"wp:attachment":[{"href":"https:\/\/tarot-vietnam.com\/vi\/wp-json\/wp\/v2\/media?parent=941"}],"wp:term":[{"taxonomy":"product_brand","embeddable":true,"href":"https:\/\/tarot-vietnam.com\/vi\/wp-json\/wp\/v2\/product_brand?post=941"},{"taxonomy":"product_cat","embeddable":true,"href":"https:\/\/tarot-vietnam.com\/vi\/wp-json\/wp\/v2\/product_cat?post=941"},{"taxonomy":"product_tag","embeddable":true,"href":"https:\/\/tarot-vietnam.com\/vi\/wp-json\/wp\/v2\/product_tag?post=941"}],"curies":[{"name":"wp","href":"https:\/\/api.w.org\/{rel}","templated":true}]}}